{"id":769,"date":"2020-10-12T15:37:20","date_gmt":"2020-10-12T15:37:20","guid":{"rendered":"http:\/\/www.hbh-eger.hu\/hbh\/?page_id=769"},"modified":"2024-12-11T18:22:55","modified_gmt":"2024-12-11T18:22:55","slug":"media","status":"publish","type":"page","link":"https:\/\/www.hbh-eger.hu\/hbh\/media\/","title":{"rendered":"M\u00c9DIA"},"content":{"rendered":"\t\t<div data-elementor-type=\"wp-post\" data-elementor-id=\"769\" class=\"elementor elementor-769\">\n\t\t\t\t\t\t<section class=\"elementor-section elementor-top-section elementor-element elementor-element-02162b1 elementor-section-boxed elementor-section-height-default elementor-section-height-default\" data-id=\"02162b1\" data-element_type=\"section\" data-e-type=\"section\" data-settings=\"{&quot;background_background&quot;:&quot;classic&quot;}\">\n\t\t\t\t\t\t\t<div class=\"elementor-background-overlay\"><\/div>\n\t\t\t\t\t\t\t<div class=\"elementor-container elementor-column-gap-default\">\n\t\t\t\t\t<div class=\"aux-parallax-section elementor-column elementor-col-50 elementor-top-column elementor-element elementor-element-b8b47ee\" data-id=\"b8b47ee\" data-element_type=\"column\" data-e-type=\"column\">\n\t\t\t<div class=\"elementor-widget-wrap elementor-element-populated\">\n\t\t\t\t\t\t<div class=\"elementor-element elementor-element-3675f76 aux-appear-watch-animation aux-fade-in-right elementor-widget elementor-widget-aux_modern_heading\" data-id=\"3675f76\" data-element_type=\"widget\" data-e-type=\"widget\" data-widget_type=\"aux_modern_heading.default\">\n\t\t\t\t<div class=\"elementor-widget-container\">\n\t\t\t\t\t<section class=\"aux-widget-modern-heading\">\n            <div class=\"aux-widget-inner\"><div class=\"aux-modern-heading-divider\"><\/div><h2 class=\"aux-modern-heading-primary\">M\u00c9DIA<\/h2><\/div>\n        <\/section>\t\t\t\t<\/div>\n\t\t\t\t<\/div>\n\t\t\t\t\t<\/div>\n\t\t<\/div>\n\t\t\t\t<div class=\"aux-parallax-section elementor-column elementor-col-50 elementor-top-column elementor-element elementor-element-ebe9174\" data-id=\"ebe9174\" data-element_type=\"column\" data-e-type=\"column\">\n\t\t\t<div class=\"elementor-widget-wrap\">\n\t\t\t\t\t\t\t<\/div>\n\t\t<\/div>\n\t\t\t\t\t<\/div>\n\t\t<\/section>\n\t\t\t\t<section class=\"elementor-section elementor-top-section elementor-element elementor-element-65abd87 elementor-section-boxed elementor-section-height-default elementor-section-height-default\" data-id=\"65abd87\" data-element_type=\"section\" data-e-type=\"section\">\n\t\t\t\t\t\t<div class=\"elementor-container elementor-column-gap-default\">\n\t\t\t\t\t<div class=\"aux-parallax-section elementor-column elementor-col-100 elementor-top-column elementor-element elementor-element-6ff9175\" data-id=\"6ff9175\" data-element_type=\"column\" data-e-type=\"column\">\n\t\t\t<div class=\"elementor-widget-wrap elementor-element-populated\">\n\t\t\t\t\t\t<div class=\"elementor-element elementor-element-7270023 elementor-widget elementor-widget-video\" data-id=\"7270023\" data-element_type=\"widget\" data-e-type=\"widget\" data-settings=\"{&quot;youtube_url&quot;:&quot;https:\\\/\\\/youtu.be\\\/iA2WA0RZeZM&quot;,&quot;video_type&quot;:&quot;youtube&quot;,&quot;controls&quot;:&quot;yes&quot;}\" data-widget_type=\"video.default\">\n\t\t\t\t<div class=\"elementor-widget-container\">\n\t\t\t\t\t\t\t<div class=\"elementor-wrapper elementor-open-inline\">\n\t\t\t<div class=\"elementor-video\"><\/div>\t\t<\/div>\n\t\t\t\t\t\t<\/div>\n\t\t\t\t<\/div>\n\t\t\t\t\t<\/div>\n\t\t<\/div>\n\t\t\t\t\t<\/div>\n\t\t<\/section>\n\t\t\t\t<section class=\"elementor-section elementor-top-section elementor-element elementor-element-548b22d elementor-section-boxed elementor-section-height-default elementor-section-height-default\" data-id=\"548b22d\" data-element_type=\"section\" data-e-type=\"section\">\n\t\t\t\t\t\t<div class=\"elementor-container elementor-column-gap-default\">\n\t\t\t\t\t<div class=\"aux-parallax-section elementor-column elementor-col-100 elementor-top-column elementor-element elementor-element-af44b1b\" data-id=\"af44b1b\" data-element_type=\"column\" data-e-type=\"column\">\n\t\t\t<div class=\"elementor-widget-wrap elementor-element-populated\">\n\t\t\t\t\t\t<div class=\"elementor-element elementor-element-92edcc4 elementor-widget-divider--view-line elementor-widget elementor-widget-divider\" data-id=\"92edcc4\" data-element_type=\"widget\" data-e-type=\"widget\" data-widget_type=\"divider.default\">\n\t\t\t\t<div class=\"elementor-widget-container\">\n\t\t\t\t\t\t\t<div class=\"elementor-divider\">\n\t\t\t<span class=\"elementor-divider-separator\">\n\t\t\t\t\t\t<\/span>\n\t\t<\/div>\n\t\t\t\t\t\t<\/div>\n\t\t\t\t<\/div>\n\t\t\t\t\t<\/div>\n\t\t<\/div>\n\t\t\t\t\t<\/div>\n\t\t<\/section>\n\t\t\t\t<section class=\"elementor-section elementor-top-section elementor-element elementor-element-8ad6181 elementor-section-boxed elementor-section-height-default elementor-section-height-default\" data-id=\"8ad6181\" data-element_type=\"section\" data-e-type=\"section\">\n\t\t\t\t\t\t<div class=\"elementor-container elementor-column-gap-default\">\n\t\t\t\t\t<div class=\"aux-parallax-section elementor-column elementor-col-50 elementor-top-column elementor-element elementor-element-297a889\" data-id=\"297a889\" data-element_type=\"column\" data-e-type=\"column\">\n\t\t\t<div class=\"elementor-widget-wrap elementor-element-populated\">\n\t\t\t\t\t\t<div class=\"elementor-element elementor-element-28c1e11 elementor-widget elementor-widget-image\" data-id=\"28c1e11\" data-element_type=\"widget\" data-e-type=\"widget\" data-widget_type=\"image.default\">\n\t\t\t\t<div class=\"elementor-widget-container\">\n\t\t\t\t\t\t\t\t\t\t\t\t\t\t\t<img fetchpriority=\"high\" decoding=\"async\" width=\"640\" height=\"640\" src=\"https:\/\/www.hbh-eger.hu\/hbh\/wp-content\/uploads\/2020\/10\/hbh_01_n.jpg\" class=\"attachment-large size-large wp-image-772\" alt=\"\" srcset=\"https:\/\/www.hbh-eger.hu\/hbh\/wp-content\/uploads\/2020\/10\/hbh_01_n.jpg 640w, https:\/\/www.hbh-eger.hu\/hbh\/wp-content\/uploads\/2020\/10\/hbh_01_n-300x300.jpg 300w, https:\/\/www.hbh-eger.hu\/hbh\/wp-content\/uploads\/2020\/10\/hbh_01_n-150x150.jpg 150w\" sizes=\"(max-width: 640px) 100vw, 640px\" \/>\t\t\t\t\t\t\t\t\t\t\t\t\t\t\t<\/div>\n\t\t\t\t<\/div>\n\t\t\t\t<div class=\"elementor-element elementor-element-3a58327 elementor-widget elementor-widget-image\" data-id=\"3a58327\" data-element_type=\"widget\" data-e-type=\"widget\" data-widget_type=\"image.default\">\n\t\t\t\t<div class=\"elementor-widget-container\">\n\t\t\t\t\t\t\t\t\t\t\t\t\t\t\t<img decoding=\"async\" width=\"960\" height=\"640\" src=\"https:\/\/www.hbh-eger.hu\/hbh\/wp-content\/uploads\/2020\/10\/hbh_02.jpg\" class=\"attachment-large size-large wp-image-773\" alt=\"\" \/>\t\t\t\t\t\t\t\t\t\t\t\t\t\t\t<\/div>\n\t\t\t\t<\/div>\n\t\t\t\t<div class=\"elementor-element elementor-element-f96d6fd elementor-widget elementor-widget-image\" data-id=\"f96d6fd\" data-element_type=\"widget\" data-e-type=\"widget\" data-widget_type=\"image.default\">\n\t\t\t\t<div class=\"elementor-widget-container\">\n\t\t\t\t\t\t\t\t\t\t\t\t\t\t\t<img decoding=\"async\" width=\"960\" height=\"640\" src=\"https:\/\/www.hbh-eger.hu\/hbh\/wp-content\/uploads\/2020\/10\/hbh_03.jpg\" class=\"attachment-large size-large wp-image-774\" alt=\"\" \/>\t\t\t\t\t\t\t\t\t\t\t\t\t\t\t<\/div>\n\t\t\t\t<\/div>\n\t\t\t\t\t<\/div>\n\t\t<\/div>\n\t\t\t\t<div class=\"aux-parallax-section elementor-column elementor-col-50 elementor-top-column elementor-element elementor-element-ccca3e1\" data-id=\"ccca3e1\" data-element_type=\"column\" data-e-type=\"column\">\n\t\t\t<div class=\"elementor-widget-wrap elementor-element-populated\">\n\t\t\t\t\t\t<div class=\"elementor-element elementor-element-a7db312 aux-appear-watch-animation aux-fade-in-up elementor-widget elementor-widget-aux_modern_heading\" data-id=\"a7db312\" data-element_type=\"widget\" data-e-type=\"widget\" data-widget_type=\"aux_modern_heading.default\">\n\t\t\t\t<div class=\"elementor-widget-container\">\n\t\t\t\t\t<section class=\"aux-widget-modern-heading\">\n            <div class=\"aux-widget-inner\"><h2 class=\"aux-modern-heading-primary\">Ha neh\u00e9z megv\u00e1ltoztatni az \u00e9tlapot<\/h2><h3 class=\"aux-modern-heading-secondary\"><span class=\"aux-head-before\">2020. okt\u00f3ber 09.<\/span><\/h3><div class=\"aux-modern-heading-divider\"><\/div><div class=\"aux-modern-heading-description\"><p>Sokan ritk\u00e1n tessz\u00fck meg, hogy egy \u00e9tterem vezet\u0151j\u00e9nek fej\u00e9vel gondolkozzunk. Pedig m\u00e9g egy vend\u00e9gek \u00e1ltal k\u00fcl\u00f6n\u00f6sen szeretett \u00e9tlapnak is megvannak a maga neh\u00e9zs\u00e9gei. K\u00fcl\u00f6n\u00f6sen nem k\u00f6nny\u0171 p\u00e9ld\u00e1ul v\u00e1ltoztatni rajta. Err\u0151l is k\u00e9rdezt\u00fck az egykor s\u00f6rf\u0151z\u0151 \u00fczemk\u00e9nt alap\u00edtott, ma azonban m\u00e1r s\u00f6rh\u00e1zk\u00e9nt \u00e9s \u00e9tteremk\u00e9nt m\u0171k\u00f6d\u0151 egri HBH vezet\u0151j\u00e9t, Szab\u00f3 Zolt\u00e1nt.<\/p><p><strong>Milyen st\u00edlus\u00fa konyh\u00e1t visz az \u00e9tterem?<\/strong><\/p><p>A HBH \u00c9tterem \u00e9s S\u00f6rh\u00e1z \u00e9tlapja igen sok mindent foglal mag\u00e1ba. Mint \u00e1ltal\u00e1ban sok m\u00e1s \u00e9tteremben, megtal\u00e1lhat\u00f3ak a magyaros \u00e9s a nemzetk\u00f6zi \u00edzek, trad\u00edci\u00f3k, alapanyagok. Napi men\u00fcinkben azonban m\u00e1r megjelennek a speci\u00e1lisabb keleti \u00e9telek, f\u0171szerek, egyszer\u0171bb mediterr\u00e1n fog\u00e1sok is.<\/p><p>A f\u0151 \u00e9tlapunk nehezen v\u00e1ltozik. \u00c9vente \u00fajranyomtatjuk, \u00e9s kicsit v\u00e1ltoztatunk rajta, de ez maximum 10%-ot jelent. Itt f\u0151leg hagyom\u00e1nyos \u00e9telek tal\u00e1lhat\u00f3k, amiket a vend\u00e9gek jobban kedvelnek, ezek\u00e9rt szeretnek hozz\u00e1nk visszaj\u00f6nni. A szezon\u00e1lis s\u00e9faj\u00e1nlat gyakran meg\u00fajul, szezont\u00f3l vagy az aktu\u00e1lis tematikus gasztroprogramunkt\u00f3l f\u00fcgg\u0151en. Itt azt\u00e1n van minden. Ezekb\u0151l szoktuk a nagy kedvenceket k\u00e9s\u0151bb megism\u00e9telni vagy feltenni a f\u0151 \u00e9tlapra.<\/p><p><strong>Van olyan fog\u00e1s az \u00e9tlapon, ami levehetetlen?<\/strong><\/p><p>Szerencs\u00e9re el\u00e9g sok van. Ez\u00e9rt is tudjuk a f\u0151 \u00e9tlapot olyan nehezen alak\u00edtani, mert ha levesz\u00fcnk r\u00f3la valamit, m\u00e1ris k\u00e9sz a botr\u00e1ny. Els\u0151dlegesen eml\u00edten\u00e9m az \u00f6k\u00f6rusz\u00e1lyleves\u00fcnket, aminek a receptj\u00e9t az el\u0151deinkt\u0151l \u00f6r\u00f6k\u00f6lt\u00fck. Ilyen \u00edzes\u00edt\u00e9ssel tudom\u00e1som szerint \u00e9s a visszajelz\u00e9sek alapj\u00e1n sem lehet tal\u00e1lkozni m\u00e1shol. Azt\u00e1n ott a vadmalacleves, a cs\u00fcl\u00f6k, az oldalas, a \u201es\u00f6riv\u00f3k kedvence\u201d \u00e9s m\u00e9g sorolhatn\u00e1m.<\/p><p><strong>Van olyan fog\u00e1s, amit sz\u00edvesen felvenn\u00e9l az \u00e9tlapra, de nincs r\u00e1 kereslet?<\/strong><\/p><p>Sz\u00edvem szerint t\u00f6bb marha\u00e9telt, steaket, ami jobban passzolna az \u00e9tterem st\u00edlus\u00e1hoz. B\u00e9lsz\u00edn\u00e9tel\u00fcnk van, plusz a tat\u00e1rbifsztek, amik nagyon j\u00f3l mennek. Alkalmank\u00e9nt feltesz\u00fcnk 1-2 m\u00e1s marha\u00e9telt is, volt m\u00e1r oldalas, T-bone steak, most az Okt\u00f3berfeszten rib eye steak\u00fcnk van. De ezek sajnos nem annyira kelend\u0151k, mint szeretn\u00e9nk.<\/p><p><strong>Egy s\u00f6rh\u00e1znak van borlapja?<\/strong><\/p><p>Term\u00e9szetesen, \u00e9s azt kell mondanom, igen sz\u00e9p a borfogy\u00e1sunk is. Ez azonban n\u00e1lunk \u00fagy \u00e1ll \u00f6ssze, hogy kb. 10%-a a palackos elad\u00e1s, a 90%-ot pedig poharazva adjuk el. Itt nincsenek borvacsor\u00e1k vagy nagyobb men\u00fcsorok borokkal egy\u00fctt. A vend\u00e9gek egy\u00e9nileg v\u00e1lasztj\u00e1k ki, hogy mit szeretn\u00e9nek inni. Ez\u00e9rt is van 23-f\u00e9le bor jelenleg poh\u00e1rral. A bor\u00e1szokat \u00fczleti, bar\u00e1ti vagy r\u00e9gi kapcsolatok alapj\u00e1n v\u00e1lasztottuk ki. \u00c9rdekess\u00e9g, hogy sok egri bor\u00e1sz j\u00e1r hozz\u00e1nk \u00e9tkezni, s\u00f6r\u00f6zni. Sajnos nem tudunk mindenkit\u0151l borokat f\u00f6ltenni az itallapra, mert \u00e9rtelmetlen lenne.<\/p><p><strong>Van kedvenc egri borod?<\/strong><\/p><p>Szeretem a k\u00f6nnyedebb, \u00fcd\u00e9bb feh\u00e9r- \u00e9s roz\u00e9borokat. Azt nem mondom, hogy mindenkit\u0151l, de a legt\u00f6bb egri bor\u00e1szt\u00f3l m\u00e1r k\u00f3stoltam borokat, \u00e9s mindenkin\u00e9l tal\u00e1ltam sz\u00e1momra nagyon j\u00f3t.<\/p><p><strong>Forr\u00e1s:<\/strong> <a href=\"https:\/\/www.egribormost.hu\/ha-nehez-megvaltoztatni-az-etlapot\/\">https:\/\/www.egribormost.hu\/ha-nehez-megvaltoztatni-az-etlapot\/<\/a><\/p><\/div><\/div>\n        <\/section>\t\t\t\t<\/div>\n\t\t\t\t<\/div>\n\t\t\t\t\t<\/div>\n\t\t<\/div>\n\t\t\t\t\t<\/div>\n\t\t<\/section>\n\t\t\t\t<section class=\"elementor-section elementor-top-section elementor-element elementor-element-d635e01 aux-appear-watch-animation aux-fade-in-up elementor-section-boxed elementor-section-height-default elementor-section-height-default\" data-id=\"d635e01\" data-element_type=\"section\" data-e-type=\"section\" data-settings=\"{&quot;background_background&quot;:&quot;classic&quot;}\">\n\t\t\t\t\t\t<div class=\"elementor-container elementor-column-gap-default\">\n\t\t\t\t\t<div class=\"aux-parallax-section elementor-column elementor-col-100 elementor-top-column elementor-element elementor-element-6132b6f\" data-id=\"6132b6f\" data-element_type=\"column\" data-e-type=\"column\">\n\t\t\t<div class=\"elementor-widget-wrap elementor-element-populated\">\n\t\t\t\t\t\t<div class=\"elementor-element elementor-element-2f4784a aux-appear-watch-animation aux-fade-in-up elementor-widget elementor-widget-aux_modern_heading\" data-id=\"2f4784a\" data-element_type=\"widget\" data-e-type=\"widget\" data-widget_type=\"aux_modern_heading.default\">\n\t\t\t\t<div class=\"elementor-widget-container\">\n\t\t\t\t\t<section class=\"aux-widget-modern-heading\">\n            <div class=\"aux-widget-inner\"><h2 class=\"aux-modern-heading-primary\">Tomi S\u00e9f aj\u00e1nlata<\/h2><div class=\"aux-modern-heading-divider\"><\/div><\/div>\n        <\/section>\t\t\t\t<\/div>\n\t\t\t\t<\/div>\n\t\t\t\t<section class=\"elementor-section elementor-inner-section elementor-element elementor-element-f64d7c9 elementor-section-boxed elementor-section-height-default elementor-section-height-default\" data-id=\"f64d7c9\" data-element_type=\"section\" data-e-type=\"section\">\n\t\t\t\t\t\t<div class=\"elementor-container elementor-column-gap-default\">\n\t\t\t\t\t<div class=\"aux-parallax-section elementor-column elementor-col-50 elementor-inner-column elementor-element elementor-element-77dfa2a\" data-id=\"77dfa2a\" data-element_type=\"column\" data-e-type=\"column\">\n\t\t\t<div class=\"elementor-widget-wrap elementor-element-populated\">\n\t\t\t\t\t\t<div class=\"elementor-element elementor-element-9d5dd51 aux-appear-watch-animation aux-fade-in-up elementor-widget elementor-widget-aux_button\" data-id=\"9d5dd51\" data-element_type=\"widget\" data-e-type=\"widget\" data-widget_type=\"aux_button.default\">\n\t\t\t\t<div class=\"elementor-widget-container\">\n\t\t\t\t\t<a  href=\"http:\/\/www.hbh-eger.hu\/hbh\/menu\/\" target=\"_self\"   class=\"aux-button aux-medium aux-dark-orange aux-none aux-outline aux-uppercase aux-icon-left-animate\" ><span class=\"aux-overlay\"><\/span><span class=\"aux-icon auxicon-chef-food-restaurant-streamline\"><\/span><span class=\"aux-text\">AJ\u00c1NLAT MEGTEKINT\u00c9SE<\/span><\/a>\t\t\t\t<\/div>\n\t\t\t\t<\/div>\n\t\t\t\t\t<\/div>\n\t\t<\/div>\n\t\t\t\t<div class=\"aux-parallax-section elementor-column elementor-col-50 elementor-inner-column elementor-element elementor-element-51498dd\" data-id=\"51498dd\" data-element_type=\"column\" data-e-type=\"column\">\n\t\t\t<div class=\"elementor-widget-wrap\">\n\t\t\t\t\t\t\t<\/div>\n\t\t<\/div>\n\t\t\t\t\t<\/div>\n\t\t<\/section>\n\t\t\t\t\t<\/div>\n\t\t<\/div>\n\t\t\t\t\t<\/div>\n\t\t<\/section>\n\t\t\t\t<section class=\"elementor-section elementor-top-section elementor-element elementor-element-6f73f3f elementor-section-boxed elementor-section-height-default elementor-section-height-default\" data-id=\"6f73f3f\" data-element_type=\"section\" data-e-type=\"section\">\n\t\t\t\t\t\t<div class=\"elementor-container elementor-column-gap-default\">\n\t\t\t\t\t<div class=\"aux-parallax-section elementor-column elementor-col-50 elementor-top-column elementor-element elementor-element-86b263f\" data-id=\"86b263f\" data-element_type=\"column\" data-e-type=\"column\">\n\t\t\t<div class=\"elementor-widget-wrap elementor-element-populated\">\n\t\t\t\t\t\t<div class=\"elementor-element elementor-element-f5af887 elementor-widget elementor-widget-spacer\" data-id=\"f5af887\" data-element_type=\"widget\" data-e-type=\"widget\" data-widget_type=\"spacer.default\">\n\t\t\t\t<div class=\"elementor-widget-container\">\n\t\t\t\t\t\t\t<div class=\"elementor-spacer\">\n\t\t\t<div class=\"elementor-spacer-inner\"><\/div>\n\t\t<\/div>\n\t\t\t\t\t\t<\/div>\n\t\t\t\t<\/div>\n\t\t\t\t<div class=\"elementor-element elementor-element-e60dd70 elementor-widget elementor-widget-image\" data-id=\"e60dd70\" data-element_type=\"widget\" data-e-type=\"widget\" data-widget_type=\"image.default\">\n\t\t\t\t<div class=\"elementor-widget-container\">\n\t\t\t\t\t\t\t\t\t\t\t\t\t\t\t<img loading=\"lazy\" decoding=\"async\" width=\"1024\" height=\"353\" src=\"https:\/\/www.hbh-eger.hu\/hbh\/wp-content\/uploads\/2021\/07\/cropped-logo_black-1024x353-1.png\" class=\"attachment-large size-large wp-image-2058\" alt=\"\" \/>\t\t\t\t\t\t\t\t\t\t\t\t\t\t\t<\/div>\n\t\t\t\t<\/div>\n\t\t\t\t<div class=\"elementor-element elementor-element-42ed3bc elementor-widget elementor-widget-spacer\" data-id=\"42ed3bc\" data-element_type=\"widget\" data-e-type=\"widget\" data-widget_type=\"spacer.default\">\n\t\t\t\t<div class=\"elementor-widget-container\">\n\t\t\t\t\t\t\t<div class=\"elementor-spacer\">\n\t\t\t<div class=\"elementor-spacer-inner\"><\/div>\n\t\t<\/div>\n\t\t\t\t\t\t<\/div>\n\t\t\t\t<\/div>\n\t\t\t\t<div class=\"elementor-element elementor-element-904febd elementor-align-center elementor-widget elementor-widget-button\" data-id=\"904febd\" data-element_type=\"widget\" data-e-type=\"widget\" data-widget_type=\"button.default\">\n\t\t\t\t<div class=\"elementor-widget-container\">\n\t\t\t\t\t\t\t\t\t<div class=\"elementor-button-wrapper\">\n\t\t\t\t\t<a class=\"elementor-button elementor-button-link elementor-size-lg\" href=\"https:\/\/servitaudvarhaz.com\/\">\n\t\t\t\t\t\t<span class=\"elementor-button-content-wrapper\">\n\t\t\t\t\t\t<span class=\"elementor-button-icon\">\n\t\t\t\t<i aria-hidden=\"true\" class=\"fas fa-hotel\"><\/i>\t\t\t<\/span>\n\t\t\t\t\t\t\t\t\t<span class=\"elementor-button-text\">V\u00c1LASSZA APARTMANJAINKAT!<\/span>\n\t\t\t\t\t<\/span>\n\t\t\t\t\t<\/a>\n\t\t\t\t<\/div>\n\t\t\t\t\t\t\t\t<\/div>\n\t\t\t\t<\/div>\n\t\t\t\t\t<\/div>\n\t\t<\/div>\n\t\t\t\t<div class=\"aux-parallax-section elementor-column elementor-col-50 elementor-top-column elementor-element elementor-element-08e76fc\" data-id=\"08e76fc\" data-element_type=\"column\" data-e-type=\"column\">\n\t\t\t<div class=\"elementor-widget-wrap elementor-element-populated\">\n\t\t\t\t\t\t<div class=\"elementor-element elementor-element-e512363 elementor-widget elementor-widget-image\" data-id=\"e512363\" data-element_type=\"widget\" data-e-type=\"widget\" data-widget_type=\"image.default\">\n\t\t\t\t<div class=\"elementor-widget-container\">\n\t\t\t\t\t\t\t\t\t\t\t\t\t\t\t<img loading=\"lazy\" decoding=\"async\" width=\"900\" height=\"599\" src=\"https:\/\/www.hbh-eger.hu\/hbh\/wp-content\/uploads\/2021\/07\/Szoba-harom2.jpg\" class=\"attachment-large size-large wp-image-2057\" alt=\"\" \/>\t\t\t\t\t\t\t\t\t\t\t\t\t\t\t<\/div>\n\t\t\t\t<\/div>\n\t\t\t\t\t<\/div>\n\t\t<\/div>\n\t\t\t\t\t<\/div>\n\t\t<\/section>\n\t\t\t\t<section class=\"elementor-section elementor-top-section elementor-element elementor-element-a432212 elementor-section-stretched elementor-section-full_width elementor-section-height-default elementor-section-height-default\" data-id=\"a432212\" data-element_type=\"section\" data-e-type=\"section\" data-settings=\"{&quot;stretch_section&quot;:&quot;section-stretched&quot;,&quot;background_background&quot;:&quot;classic&quot;}\">\n\t\t\t\t\t\t<div class=\"elementor-container elementor-column-gap-default\">\n\t\t\t\t\t<div class=\"aux-parallax-section elementor-column elementor-col-100 elementor-top-column elementor-element elementor-element-9862b54\" data-id=\"9862b54\" data-element_type=\"column\" data-e-type=\"column\" data-settings=\"{&quot;background_background&quot;:&quot;classic&quot;}\">\n\t\t\t<div class=\"elementor-widget-wrap elementor-element-populated\">\n\t\t\t\t\t<div class=\"elementor-background-overlay\"><\/div>\n\t\t\t\t\t\t<div class=\"elementor-element elementor-element-d96f17c elementor-widget elementor-widget-image\" data-id=\"d96f17c\" data-element_type=\"widget\" data-e-type=\"widget\" data-widget_type=\"image.default\">\n\t\t\t\t<div class=\"elementor-widget-container\">\n\t\t\t\t\t\t\t\t\t\t\t\t\t\t\t\t<a href=\"https:\/\/cafejardin.hu\/\">\n\t\t\t\t\t\t\t<img decoding=\"async\" src=\"https:\/\/www.hbh-eger.hu\/hbh\/wp-content\/uploads\/elementor\/thumbs\/ital1v2-py4xxw9v5f2k9r7pzpwbpa4kdw8y7pd8k9xqdu8wzg.jpg\" title=\"X20783_Cafe_Jardin_itallap_20220601.cdr\" alt=\"X20783_Cafe_Jardin_itallap_20220601.cdr\" loading=\"lazy\" \/>\t\t\t\t\t\t\t\t<\/a>\n\t\t\t\t\t\t\t\t\t\t\t\t\t\t\t<\/div>\n\t\t\t\t<\/div>\n\t\t\t\t<div class=\"elementor-element elementor-element-3d6e0ef elementor-align-center elementor-widget elementor-widget-button\" data-id=\"3d6e0ef\" data-element_type=\"widget\" data-e-type=\"widget\" data-widget_type=\"button.default\">\n\t\t\t\t<div class=\"elementor-widget-container\">\n\t\t\t\t\t\t\t\t\t<div class=\"elementor-button-wrapper\">\n\t\t\t\t\t<a class=\"elementor-button elementor-button-link elementor-size-lg\" href=\"https:\/\/cafejardin.hu\/\">\n\t\t\t\t\t\t<span class=\"elementor-button-content-wrapper\">\n\t\t\t\t\t\t\t\t\t<span class=\"elementor-button-text\">A nyugalom szigete Eger belv\u00e1ros\u00e1ban.<\/span>\n\t\t\t\t\t<\/span>\n\t\t\t\t\t<\/a>\n\t\t\t\t<\/div>\n\t\t\t\t\t\t\t\t<\/div>\n\t\t\t\t<\/div>\n\t\t\t\t\t<\/div>\n\t\t<\/div>\n\t\t\t\t\t<\/div>\n\t\t<\/section>\n\t\t\t\t<\/div>\n\t\t","protected":false},"excerpt":{"rendered":"<p>M\u00c9DIA Ha neh\u00e9z megv\u00e1ltoztatni az \u00e9tlapot 2020. okt\u00f3ber 09. Sokan ritk\u00e1n tessz\u00fck meg, hogy egy \u00e9tterem vezet\u0151j\u00e9nek fej\u00e9vel gondolkozzunk. Pedig m\u00e9g egy vend\u00e9gek \u00e1ltal k\u00fcl\u00f6n\u00f6sen szeretett \u00e9tlapnak is megvannak a maga neh\u00e9zs\u00e9gei. K\u00fcl\u00f6n\u00f6sen nem k\u00f6nny\u0171 p\u00e9ld\u00e1ul v\u00e1ltoztatni rajta. Err\u0151l is k\u00e9rdezt\u00fck az egykor s\u00f6rf\u0151z\u0151 \u00fczemk\u00e9nt alap\u00edtott, ma azonban m\u00e1r s\u00f6rh\u00e1zk\u00e9nt \u00e9s \u00e9tteremk\u00e9nt m\u0171k\u00f6d\u0151 egri HBH [&hellip;]<\/p>\n","protected":false},"author":1,"featured_media":0,"parent":0,"menu_order":0,"comment_status":"closed","ping_status":"closed","template":"","meta":{"footnotes":""},"class_list":["post-769","page","type-page","status-publish","hentry"],"_links":{"self":[{"href":"https:\/\/www.hbh-eger.hu\/hbh\/wp-json\/wp\/v2\/pages\/769","targetHints":{"allow":["GET"]}}],"collection":[{"href":"https:\/\/www.hbh-eger.hu\/hbh\/wp-json\/wp\/v2\/pages"}],"about":[{"href":"https:\/\/www.hbh-eger.hu\/hbh\/wp-json\/wp\/v2\/types\/page"}],"author":[{"embeddable":true,"href":"https:\/\/www.hbh-eger.hu\/hbh\/wp-json\/wp\/v2\/users\/1"}],"replies":[{"embeddable":true,"href":"https:\/\/www.hbh-eger.hu\/hbh\/wp-json\/wp\/v2\/comments?post=769"}],"version-history":[{"count":80,"href":"https:\/\/www.hbh-eger.hu\/hbh\/wp-json\/wp\/v2\/pages\/769\/revisions"}],"predecessor-version":[{"id":5101,"href":"https:\/\/www.hbh-eger.hu\/hbh\/wp-json\/wp\/v2\/pages\/769\/revisions\/5101"}],"wp:attachment":[{"href":"https:\/\/www.hbh-eger.hu\/hbh\/wp-json\/wp\/v2\/media?parent=769"}],"curies":[{"name":"wp","href":"https:\/\/api.w.org\/{rel}","templated":true}]}}