{"id":6,"date":"2020-02-24T09:47:29","date_gmt":"2020-02-24T09:47:29","guid":{"rendered":"http:\/\/www.hbh-eger.hu\/hbh\/materialis\/"},"modified":"2020-02-25T09:30:53","modified_gmt":"2020-02-25T09:30:53","slug":"materialis","status":"publish","type":"page","link":"https:\/\/www.hbh-eger.hu\/hbh\/materialis\/","title":{"rendered":"Front Page"},"content":{"rendered":"<div  id=\"about-6\" style=\"background-color: rgb(255, 255, 255); background-image: none;\" data-label=\"About\" data-id=\"about-4\" data-export-id=\"about-4\" data-category=\"about\" class=\"about-4 content-section content-section-spacing-large\"><div  class=\"gridContainer\"> <div  class=\"row middle-sm text-center\"><div  class=\"col-sm-5 space-bottom-xs\" data-type=\"column\"> <h5  class=\"\">HBH BAJOR S\u00d6RH\u00c1Z \u00c9S \u00c9TTEREM<\/h5> <h2  class=\"\">\u00c9TTERM\u00dcNK<br ><span  style=\"font-family: Playfair Display,sans-serif; font-weight: 700; font-style: italic;\" href=\"#\">A s\u00f6rh\u00e1z t\u00f6rt\u00e9nete\u2026\n&nbsp;<\/span>&nbsp;<\/h2> <p  class=\"\">A S\u00f6rh\u00e1z 1988 \u00e1prilis\u00e1ban ny\u00edlt, Eger t\u00f6rt\u00e9nelmi belv\u00e1ros\u00e1ban a Dob\u00f3 t\u00e9ren. Akkoriban saj\u00e1t s\u00f6rf\u0151z\u0151 \u00fczeme volt amely ritkas\u00e1gnak \u00e9s k\u00fcl\u00f6nlegess\u00e9gnek sz\u00e1m\u00edtott Egerben \u00e9s k\u00f6rny\u00e9k\u00e9n. A s\u00f6rt bajor licensz alapj\u00e1n k\u00e9sz\u00edtett\u00e9k. <\/p> <a  class=\"button big color1 mdc-ripple-upgraded\" href=\"#\" target=\"_self\" data-cp-link=\"1\">B\u0150VEBBEN<\/a><\/div> <div  class=\"col-sm-7 flexbox center-xs middle-xs image-group-2-img padding-top-bottom\"> <img decoding=\"async\"  class=\"img-1 rounded mdc-elevation--z10\" data-size=\"250x200\" src=\"http:\/\/www.hbh-eger.hu\/hbh\/wp-content\/uploads\/2020\/02\/cropped-3-4.jpg\"> <img decoding=\"async\"  class=\"img-2 rounded mdc-elevation--z10\" data-size=\"220x170\" src=\"http:\/\/www.hbh-eger.hu\/hbh\/wp-content\/uploads\/2020\/02\/cropped-3-am\u00edg\u00f3-\u00faj-k\u00e9p-1.jpg\"><\/div> <\/div><\/div> <\/div><div  id=\"content-24\" style=\"background-color: #f5fafd;\" data-label=\"Content\" data-id=\"content-7-materialis\" data-export-id=\"content-7-materialis\" data-category=\"content\" class=\"content-7m content-section-spacing-large content-section\"><div  class=\"gridContainer\"> <div  class=\"row middle-sm\"><div  class=\"col-md-6 col-xs-12 col-sm-6 col-padding-small-xs\"> <img decoding=\"async\"  class=\"mdc-elevation--z13 img-rounded\" src=\"http:\/\/www.hbh-eger.hu\/hbh\/wp-content\/uploads\/2020\/02\/cropped-B1Q3142.jpg\"><\/div> <div  class=\"col-md-5 col-md-offset-1 col-xs-12 col-sm-6 content-left-sm col-padding-small-xs\" data-type=\"column\"> <h3  class=\"space-bottom\">Tomi S\u00e9f aj\u00e1nlata<\/h3> <p  class=\"space-top\">VALAMI SZ\u00d6VEG&nbsp;VALAMI SZ\u00d6VEGVALAMI SZ\u00d6VEG VALAMI SZ\u00d6VEGVALAMI SZ\u00d6VEG VALAMI SZ\u00d6VEGVALAMI SZ\u00d6VEG VALAMI SZ\u00d6VEGVALAMI SZ\u00d6VEG VALAMI SZ\u00d6VEGVALAMI SZ\u00d6VEG VALAMI SZ\u00d6VEGVALAMI SZ\u00d6VEG VALAMI SZ\u00d6VEGVALAMI SZ\u00d6VEG VALAMI SZ\u00d6VEGVALAMI SZ\u00d6VEG VALAMI SZ\u00d6VEG<\/p> <a  class=\"button blue mdc-ripple-upgraded\" href=\"#\" target=\"_self\" data-cp-link=\"1\">TOV\u00c1BB<\/a><\/div> <\/div><\/div> <\/div><div  id=\"content-25\" style=\"background-color: #ffffff;\" data-label=\"Content\" data-id=\"content-8-materialis\" data-export-id=\"content-8-materialis\" data-category=\"content\" class=\"content-8m content-section-spacing-large content-section\"><div  class=\"gridContainer\"> <div  class=\"row middle-sm\"><div  class=\"col-md-5 col-xs-12 col-sm-6 space-bottom-xs\" data-type=\"column\"> <h6  class=\"upper\">FEBRU\u00c1R 24.-28.<\/h6> <h3  class=\"\">HETI MEN\u00dcAJ\u00c1NLATUNK<\/h3> <p  class=\"space-top\">VALAMI SZ\u00d6VEG VALAMI SZ\u00d6VEGVALAMI SZ\u00d6VEG VALAMI SZ\u00d6VEGVALAMI SZ\u00d6VEG VALAMI SZ\u00d6VEGVALAMI SZ\u00d6VEG VALAMI SZ\u00d6VEGVALAMI SZ\u00d6VEG VALAMI SZ\u00d6VEGVALAMI SZ\u00d6VEG VALAMI SZ\u00d6VEGVALAMI SZ\u00d6VEG VALAMI SZ\u00d6VEG<\/p>  <a  class=\"button blue mdc-ripple-upgraded\" href=\"#\" target=\"_self\" data-cp-link=\"1\">AJ\u00c1NLATUNK MEGTEKINT\u00c9SE<\/a><\/div> <div  class=\"col-md-6 col-md-offset-1 col-xs-12 col-sm-6\"> <img decoding=\"async\"  class=\"mdc-elevation--z9 rounded\" src=\"http:\/\/www.hbh-eger.hu\/hbh\/wp-content\/uploads\/2020\/02\/cropped-kacsacomb.jpg\"><\/div> <\/div><\/div> <\/div><div  id=\"portfolio-2\" style=\"background-color: #f5fafd;\" data-label=\"Portfolio\" data-id=\"portfolio-1-materialis\" data-export-id=\"portfolio-1-materialis\" data-category=\"portfolio\" class=\"portfolio-1m content-section\"><div > <div  class=\"row text-center\" data-type=\"row\" data-fixed=\"true\"><div  class=\"col-md-4 col-sm-6 col-xs-12 no-gutter-col\"> <div  class=\"contentswap-effect contentswap-overlay\" data-hover-fx=\"portfolio-1\" style=\"float: none; margin: 0px; width: 100%;\"><div  class=\"initial-image\" style=\"float: none; margin: 0px;\"> <img decoding=\"async\"  data-size=\"600x354\" src=\"http:\/\/www.hbh-eger.hu\/hbh\/wp-content\/plugins\/materialis-companion\/theme-data\/materialis\/sections\/images\/image-1.png\"><\/div> <div  class=\"overlay bg-color-black\" style=\"display: block; transition: opacity 800ms ease 0s; -webkit-transition-timing-function: ease; -moz-transition-timing-function: ease; -o-transition-timing-function: ease; transition-timing-function: ease;\"><\/div> <div  class=\"swap-inner col-xs-12\" style=\"display: block; transition: all 800ms ease 0s; background-color: rgba(0, 0, 0, 0); margin-top: 0px;\"> <div  class=\"row full-height-row middle-xs\"> <div  class=\"col-xs-12 text-center white-text\"> <h4  class=\"font-500\">Project Name<\/h4> <a  class=\"button color-white mdc-ripple-upgraded\" href=\"#\">View project<\/a><\/div> <\/div><\/div> <\/div><\/div> <div  class=\"col-md-4 col-sm-6 col-xs-12 no-gutter-col\"><div  class=\"contentswap-effect contentswap-overlay\" data-hover-fx=\"portfolio-1\" style=\"float: none; margin: 0px; width: 100%;\"> <div  class=\"initial-image\" style=\"float: none; margin: 0px;\"> <img decoding=\"async\"  data-size=\"600x354\" src=\"http:\/\/www.hbh-eger.hu\/hbh\/wp-content\/plugins\/materialis-companion\/theme-data\/materialis\/sections\/images\/image-2.png\"><\/div> <div  class=\"overlay bg-color-black\" style=\"display: block; transition: opacity 800ms ease 0s; -webkit-transition-timing-function: ease; -moz-transition-timing-function: ease; -o-transition-timing-function: ease; transition-timing-function: ease;\"><\/div> <div  class=\"swap-inner col-xs-12\" style=\"display: block; transition: all 800ms ease 0s; background-color: rgba(0, 0, 0, 0); margin-top: 0px;\"> <div  class=\"row full-height-row middle-xs\"> <div  class=\"col-xs-12 text-center white-text\"> <h4  class=\"font-500\">Project Name<\/h4> <a  class=\"button color-white mdc-ripple-upgraded\" href=\"#\">View project<\/a><\/div> <\/div><\/div> <\/div><\/div> <div  class=\"col-md-4 col-sm-6 col-xs-12 no-gutter-col\"><div  class=\"contentswap-effect contentswap-overlay\" data-hover-fx=\"portfolio-1\" style=\"float: none; margin: 0px; width: 100%;\"> <div  class=\"initial-image\" style=\"float: none; margin: 0px;\"> <img decoding=\"async\"  data-size=\"600x354\" src=\"http:\/\/www.hbh-eger.hu\/hbh\/wp-content\/plugins\/materialis-companion\/theme-data\/materialis\/sections\/images\/image-3.png\"><\/div> <div  class=\"overlay bg-color-black\" style=\"display: block; transition: opacity 800ms ease 0s; -webkit-transition-timing-function: ease; -moz-transition-timing-function: ease; -o-transition-timing-function: ease; transition-timing-function: ease;\"><\/div> <div  class=\"swap-inner col-xs-12\" style=\"display: block; transition: all 800ms ease 0s; background-color: rgba(0, 0, 0, 0); margin-top: 0px;\"> <div  class=\"row full-height-row middle-xs\"> <div  class=\"col-xs-12 text-center white-text\"> <h4  class=\"font-500\">Project Name<\/h4> <a  class=\"button color-white mdc-ripple-upgraded\" href=\"#\">View project<\/a><\/div> <\/div><\/div> <\/div><\/div> <div  class=\"col-md-4 col-sm-6 col-xs-12 no-gutter-col\"><div  class=\"contentswap-effect contentswap-overlay\" data-hover-fx=\"portfolio-1\" style=\"float: none; margin: 0px; width: 100%;\"> <div  class=\"initial-image\" style=\"float: none; margin: 0px;\"> <img decoding=\"async\"  data-size=\"600x354\" src=\"http:\/\/www.hbh-eger.hu\/hbh\/wp-content\/plugins\/materialis-companion\/theme-data\/materialis\/sections\/images\/image-4.png\"><\/div> <div  class=\"overlay bg-color-black\" style=\"display: block; transition: opacity 800ms ease 0s; -webkit-transition-timing-function: ease; -moz-transition-timing-function: ease; -o-transition-timing-function: ease; transition-timing-function: ease;\"><\/div> <div  class=\"swap-inner col-xs-12\" style=\"display: block; transition: all 800ms ease 0s; background-color: rgba(0, 0, 0, 0); margin-top: 0px;\"> <div  class=\"row full-height-row middle-xs\"> <div  class=\"col-xs-12 text-center white-text\"> <h4  class=\"font-500\">Project Name<\/h4> <a  class=\"button color-white mdc-ripple-upgraded\" href=\"#\">View project<\/a><\/div> <\/div><\/div> <\/div><\/div> <div  class=\"col-md-4 col-sm-6 col-xs-12 no-gutter-col\"><div  class=\"contentswap-effect contentswap-overlay\" data-hover-fx=\"portfolio-1\" style=\"float: none; margin: 0px; width: 100%;\"> <div  class=\"initial-image\" style=\"float: none; margin: 0px;\"> <img decoding=\"async\"  data-size=\"600x354\" src=\"http:\/\/www.hbh-eger.hu\/hbh\/wp-content\/plugins\/materialis-companion\/theme-data\/materialis\/sections\/images\/image-5.png\"><\/div> <div  class=\"overlay bg-color-black\" style=\"display: block; transition: opacity 800ms ease 0s; -webkit-transition-timing-function: ease; -moz-transition-timing-function: ease; -o-transition-timing-function: ease; transition-timing-function: ease;\"><\/div> <div  class=\"swap-inner col-xs-12\" style=\"display: block; transition: all 800ms ease 0s; background-color: rgba(0, 0, 0, 0); margin-top: 0px;\"> <div  class=\"row full-height-row middle-xs\"> <div  class=\"col-xs-12 text-center white-text\"> <h4  class=\"font-500\">Project Name<\/h4> <a  class=\"button color-white mdc-ripple-upgraded\" href=\"#\">View project<\/a><\/div> <\/div><\/div> <\/div><\/div> <div  class=\"col-md-4 col-sm-6 col-xs-12 no-gutter-col\"><div  class=\"contentswap-effect contentswap-overlay\" data-hover-fx=\"portfolio-1\" style=\"float: none; margin: 0px; width: 100%;\"> <div  class=\"initial-image\" style=\"float: none; margin: 0px;\"> <img decoding=\"async\"  data-size=\"600x354\" src=\"http:\/\/www.hbh-eger.hu\/hbh\/wp-content\/plugins\/materialis-companion\/theme-data\/materialis\/sections\/images\/image-7.png\"><\/div> <div  class=\"overlay bg-color-black\" style=\"display: block; transition: opacity 800ms ease 0s; -webkit-transition-timing-function: ease; -moz-transition-timing-function: ease; -o-transition-timing-function: ease; transition-timing-function: ease;\"><\/div> <div  class=\"swap-inner col-xs-12\" style=\"display: block; transition: all 800ms ease 0s; background-color: rgba(0, 0, 0, 0); margin-top: 0px;\"> <div  class=\"row full-height-row middle-xs\"> <div  class=\"col-xs-12 text-center white-text\"> <h4  class=\"font-500\">Project Name<\/h4> <a  class=\"button color-white mdc-ripple-upgraded\" href=\"#\">View project<\/a><\/div> <\/div><\/div> <\/div><\/div> <div  class=\"col-md-4 col-sm-6 col-xs-12 no-gutter-col\"><div  class=\"contentswap-effect contentswap-overlay\" data-hover-fx=\"portfolio-1\" style=\"float: none; margin: 0px; width: 100%;\"> <div  class=\"initial-image\" style=\"float: none; margin: 0px;\"> <img decoding=\"async\"  data-size=\"600x354\" src=\"http:\/\/www.hbh-eger.hu\/hbh\/wp-content\/plugins\/materialis-companion\/theme-data\/materialis\/sections\/images\/image-6.png\"><\/div> <div  class=\"overlay bg-color-black\" style=\"display: block; transition: opacity 800ms ease 0s; -webkit-transition-timing-function: ease; -moz-transition-timing-function: ease; -o-transition-timing-function: ease; transition-timing-function: ease;\"><\/div> <div  class=\"swap-inner col-xs-12\" style=\"display: block; transition: all 800ms ease 0s; background-color: rgba(0, 0, 0, 0); margin-top: 0px;\"> <div  class=\"row full-height-row middle-xs\"> <div  class=\"col-xs-12 text-center white-text\"> <h4  class=\"font-500\">Project Name<\/h4> <a  class=\"button color-white mdc-ripple-upgraded\" href=\"#\">View project<\/a><\/div> <\/div><\/div> <\/div><\/div> <div  class=\"col-md-4 col-sm-6 col-xs-12 no-gutter-col\"><div  class=\"contentswap-effect contentswap-overlay\" data-hover-fx=\"portfolio-1\" style=\"float: none; margin: 0px; width: 100%;\"> <div  class=\"initial-image\" style=\"float: none; margin: 0px;\"> <img decoding=\"async\"  data-size=\"600x354\" src=\"http:\/\/www.hbh-eger.hu\/hbh\/wp-content\/plugins\/materialis-companion\/theme-data\/materialis\/sections\/images\/image-1.png\"><\/div> <div  class=\"overlay bg-color-black\" style=\"display: block; transition: opacity 800ms ease 0s; -webkit-transition-timing-function: ease; -moz-transition-timing-function: ease; -o-transition-timing-function: ease; transition-timing-function: ease;\"><\/div> <div  class=\"swap-inner col-xs-12\" style=\"display: block; transition: all 800ms ease 0s; background-color: rgba(0, 0, 0, 0); margin-top: 0px;\"> <div  class=\"row full-height-row middle-xs\"> <div  class=\"col-xs-12 text-center white-text\"> <h4  class=\"font-500\">Project Name<\/h4> <a  class=\"button color-white mdc-ripple-upgraded\" href=\"#\">View project<\/a><\/div> <\/div><\/div> <\/div><\/div> <div  class=\"col-md-4 col-sm-6 col-xs-12 no-gutter-col\"><div  class=\"contentswap-effect contentswap-overlay\" data-hover-fx=\"portfolio-1\" style=\"float: none; margin: 0px; width: 100%;\"> <div  class=\"initial-image\" style=\"float: none; margin: 0px;\"> <img decoding=\"async\"  data-size=\"600x354\" src=\"http:\/\/www.hbh-eger.hu\/hbh\/wp-content\/plugins\/materialis-companion\/theme-data\/materialis\/sections\/images\/image-4.png\"><\/div> <div  class=\"overlay bg-color-black\" style=\"display: block; transition: opacity 800ms ease 0s; -webkit-transition-timing-function: ease; -moz-transition-timing-function: ease; -o-transition-timing-function: ease; transition-timing-function: ease;\"><\/div> <div  class=\"swap-inner col-xs-12\" style=\"display: block; transition: all 800ms ease 0s; background-color: rgba(0, 0, 0, 0); margin-top: 0px;\"> <div  class=\"row full-height-row middle-xs\"> <div  class=\"col-xs-12 text-center white-text\"> <h4  class=\"font-500\">Project Name<\/h4> <a  class=\"button color-white mdc-ripple-upgraded\" href=\"#\">View project<\/a><\/div> <\/div><\/div> <\/div><\/div> <\/div><\/div> <\/div><div  id=\"latest-news-1\" style=\"background-color: #f5fafd;\" data-label=\"Latest-news\" data-id=\"latest-news-1-materialis\" data-export-id=\"latest-news-1-materialis\" data-category=\"latest_news\" class=\"latest-news-1-materialis content-section content-section-spacing-large\"><div  class=\"gridContainer\"> <div  class=\"row\"><div  data-type=\"column\" class=\"section-title-col\"> <h2  class=\"\">Latest News<\/h2> <p  class=\"lead\">Lorem ipsum dolor sit amet, consectetur adipisicing elit, sed do eiusmod tempor incididunt ut labore et dolore magna aliqua. Ut enim ad minim veniam, quis nostrud exercitation ullamco laboris nisi ut aliquip ex ea commodo consequat.<\/p><\/div> <\/div> <div  class=\"row content-left-sm\"> <div  data-type=\"row\" data-dynamic-columns=\"handled\" data-content-shortcode=\"materialis_latest_news\" data-max-items=\"4\">[materialis_latest_news]<\/div><\/div> <div  class=\"row\"><div  class=\"col-xs-12 text-center\"> <a  class=\"button big color1 mdc-elevation--z3 mdc-ripple-upgraded\" data-attr-shortcode=\"href:materialis_blog_link\" href=\"[materialis_blog_link]\">VISIT OUR BLOG<\/a><\/div> <\/div><\/div><\/div><div  id=\"contact-1\" data-label=\"Contact\" data-id=\"contact-1\" data-export-id=\"contact-1\" data-category=\"contact\" class=\"contact-1 content-section content-section-spacing-large content-relative white-text\" data-parallax-depth=\"20\"><div  class=\"gridContainer\"> <div  class=\"row text-center\"><div  class=\"section-title-col\" data-type=\"column\"> <h2  class=\"\">Asztalfoglal\u00e1s<\/h2> <\/div> <\/div> <div  class=\"row text-center\"> <div  class=\"col-xs-12 col-sm-8 col-sm-offset-2 contact-form-wrapper inline-info\"> <div  class=\"card mdc-elevation--z3 col-padding-top\"> <div  class=\"dark-text\" data-content-shortcode=\"materialis_contact_form\" data-editable=\"true\">[materialis_contact_form]<\/div><\/div> <\/div><\/div> <\/div><\/div>","protected":false},"excerpt":{"rendered":"","protected":false},"author":1,"featured_media":0,"parent":0,"menu_order":0,"comment_status":"closed","ping_status":"closed","template":"page-templates\/homepage.php","meta":{"footnotes":""},"class_list":["post-6","page","type-page","status-publish","hentry"],"_links":{"self":[{"href":"https:\/\/www.hbh-eger.hu\/hbh\/wp-json\/wp\/v2\/pages\/6","targetHints":{"allow":["GET"]}}],"collection":[{"href":"https:\/\/www.hbh-eger.hu\/hbh\/wp-json\/wp\/v2\/pages"}],"about":[{"href":"https:\/\/www.hbh-eger.hu\/hbh\/wp-json\/wp\/v2\/types\/page"}],"author":[{"embeddable":true,"href":"https:\/\/www.hbh-eger.hu\/hbh\/wp-json\/wp\/v2\/users\/1"}],"replies":[{"embeddable":true,"href":"https:\/\/www.hbh-eger.hu\/hbh\/wp-json\/wp\/v2\/comments?post=6"}],"version-history":[{"count":8,"href":"https:\/\/www.hbh-eger.hu\/hbh\/wp-json\/wp\/v2\/pages\/6\/revisions"}],"predecessor-version":[{"id":109,"href":"https:\/\/www.hbh-eger.hu\/hbh\/wp-json\/wp\/v2\/pages\/6\/revisions\/109"}],"wp:attachment":[{"href":"https:\/\/www.hbh-eger.hu\/hbh\/wp-json\/wp\/v2\/media?parent=6"}],"curies":[{"name":"wp","href":"https:\/\/api.w.org\/{rel}","templated":true}]}}